{"id":11,"date":"2019-09-01T16:43:40","date_gmt":"2019-09-01T14:43:40","guid":{"rendered":"http:\/\/www.bergerdesshetland.com\/?page_id=11"},"modified":"2023-05-31T20:02:09","modified_gmt":"2023-05-31T18:02:09","slug":"accueil","status":"publish","type":"page","link":"https:\/\/berger-des-shetland.fr\/index.php\/accueil\/","title":{"rendered":"Qui suis-je ?"},"content":{"rendered":"<p>J&rsquo;\u00e9l\u00e8ve avec passion depuis 2013, date \u00e0 laquelle mes premiers b\u00e9b\u00e9s de Fall in ont vu le jour. Mon coup de foudre pour cette race \u00e0 l&rsquo;intelligence rare remonte \u00e0 2010, alors que, avec mon premier Bouvier Bernois, Falkor de la Cl\u00e9 aux Loups, j&rsquo;entre dans le monde des clubs canins.<br \/>\nCes petits chiens vifs et intelligents qui parcourent les terrains d&rsquo;agility me tape im\u00e9diatement dans l&rsquo;oeil.<\/p>\n<p>Quelques mois plus tard, je r\u00e9serve ma belle Fall In Love Blue du Golfe Sambracitain chez une petite \u00e9leveuse passionn\u00e9e. Et le coup de foudre s&rsquo;op\u00e8re et une belle histoire s&rsquo;\u00e9crit.<\/p>\n<p>Je passe mon premier degr\u00e9 du monitorat d&rsquo;\u00e9ducateur canin et donne des cours en \u00e9cole des chiots, sous la tutelle de la brillante Jacqueline Colazet gr\u00e2ce \u00e0 qui j&rsquo;apprends \u00e9norm\u00e9ment sur le mental du chien et l&rsquo;\u00e9ducation positive, ainsi que le clicker trainning.<\/p>\n<p>Deux ans plus tard, donc, mes premiers b\u00e9b\u00e9s naissent et mettent sur mon chemin une \u00e9leveuse chevronn\u00e9e qui deviendra l&rsquo;une de mes meilleures amies, Laetitia.\u00a0 Et depuis&#8230;. l&rsquo;histoire continue de s&rsquo;\u00e9crire &lt;3<\/p>\n<p>Merci \u00e0 mes amies \u00e9leveuses avec qui je partage mes doutes d&rsquo;\u00eatre toujours l\u00e0, merci \u00e0 mes client-e-s devenu-e-s ami-e-s d&rsquo;aimer si tendrement mes b\u00e9b\u00e9s. Merci \u00e0 ces merveilleux chiens qui nous font r\u00eaver chaque jour qui passe ! Belle visite \u00e0 vous &#8230;.<\/p>\n<p>St\u00e9phanie<\/p>\n","protected":false},"excerpt":{"rendered":"<p>J&rsquo;\u00e9l\u00e8ve avec passion depuis 2013, date \u00e0 laquelle mes premiers b\u00e9b\u00e9s de Fall in ont vu le jour. Mon coup de foudre pour cette race \u00e0 l&rsquo;intelligence rare remonte \u00e0 2010, alors que, avec mon premier Bouvier Bernois, Falkor de la Cl\u00e9 aux Loups, j&rsquo;entre dans le monde des clubs canins. Ces petits chiens vifs &hellip; <\/p>\n","protected":false},"author":1,"featured_media":271,"parent":0,"menu_order":0,"comment_status":"closed","ping_status":"closed","template":"","meta":[],"_links":{"self":[{"href":"https:\/\/berger-des-shetland.fr\/index.php\/wp-json\/wp\/v2\/pages\/11"}],"collection":[{"href":"https:\/\/berger-des-shetland.fr\/index.php\/wp-json\/wp\/v2\/pages"}],"about":[{"href":"https:\/\/berger-des-shetland.fr\/index.php\/wp-json\/wp\/v2\/types\/page"}],"author":[{"embeddable":true,"href":"https:\/\/berger-des-shetland.fr\/index.php\/wp-json\/wp\/v2\/users\/1"}],"replies":[{"embeddable":true,"href":"https:\/\/berger-des-shetland.fr\/index.php\/wp-json\/wp\/v2\/comments?post=11"}],"version-history":[{"count":9,"href":"https:\/\/berger-des-shetland.fr\/index.php\/wp-json\/wp\/v2\/pages\/11\/revisions"}],"predecessor-version":[{"id":444,"href":"https:\/\/berger-des-shetland.fr\/index.php\/wp-json\/wp\/v2\/pages\/11\/revisions\/444"}],"wp:featuredmedia":[{"embeddable":true,"href":"https:\/\/berger-des-shetland.fr\/index.php\/wp-json\/wp\/v2\/media\/271"}],"wp:attachment":[{"href":"https:\/\/berger-des-shetland.fr\/index.php\/wp-json\/wp\/v2\/media?parent=11"}],"curies":[{"name":"wp","href":"https:\/\/api.w.org\/{rel}","templated":true}]}}