{"id":183,"date":"2020-04-26T19:32:58","date_gmt":"2020-04-26T17:32:58","guid":{"rendered":"http:\/\/berger-des-shetland.fr\/?page_id=183"},"modified":"2020-04-26T19:32:58","modified_gmt":"2020-04-26T17:32:58","slug":"livre-dor","status":"publish","type":"page","link":"https:\/\/berger-des-shetland.fr\/index.php\/livre-dor\/","title":{"rendered":"Livre d&rsquo;or"},"content":{"rendered":"\n<div class=\"gwolle-gb\"><div class=\"gwolle_gb_messages_top_container\"><\/div>\n\t\t\t<div class=\"gwolle-gb-write-button\">\n\t\t\t\t<input type=\"button\" name=\"gwolle-gb-write-button\" class=\"button btn btn-default \" value=\"\u00c9crire un nouveau message.\" \/>\n\t\t\t<\/div>\n\t\t\t<form action=\"#\" method=\"POST\" class=\"gwolle-gb-write gwolle-gb-hide gwolle-gb-float gwolle_gb_form_ajax gwolle-gb-form-ajax gwolle-gb-ajax gwolle-gb-not-logged-in\">\n\t\t\t\t<h3><\/h3>\n\t\t\t\t<button type=\"button\" class=\"gb-notice-dismiss\">x<span class=\"screen-reader-text\">Masquer ce formulaire.<\/span><\/button>\n\t\t\t\n\t\t\t\t<input type=\"hidden\" name=\"gwolle_gb_function\" class=\"gwolle_gb_function\" value=\"add_entry\" \/><input type=\"hidden\" name=\"gwolle_gb_book_id\" class=\"gwolle_gb_book_id\" value=\"1\" \/><div class=\"gwolle_gb_7cd98e985a1d2d52b3511488783ea678\">\n\t\t\t\t<div class=\"label\"><label for=\"gwolle_gb_7cd98e985a1d2d52b3511488783ea678\" class=\"text-info\">Nom <span class=\"required\">*<\/span><\/label><\/div>\n\t\t\t\t<div class=\"input\"><input class=\"wp-exclude-emoji gwolle_gb_7cd98e985a1d2d52b3511488783ea678\" value=\"\" type=\"text\" name=\"gwolle_gb_7cd98e985a1d2d52b3511488783ea678\" required \/><\/div>\n\t\t\t\t<div class=\"clearBoth\">&nbsp;<\/div>\n\t\t\t<\/div><div class=\"gwolle_gb_e2c1625e2b05d227e3fdac6319bbdf27\">\n\t\t\t\t\t<div class=\"label\"><label for=\"gwolle_gb_e2c1625e2b05d227e3fdac6319bbdf27\" class=\"text-info\">Ville<\/label><\/div>\n\t\t\t\t\t<div class=\"input\"><input class=\"wp-exclude-emoji gwolle_gb_e2c1625e2b05d227e3fdac6319bbdf27\" value=\"\" type=\"text\" name=\"gwolle_gb_e2c1625e2b05d227e3fdac6319bbdf27\" \/><\/div>\n\t\t\t\t\t<div class=\"clearBoth\">&nbsp;<\/div>\n\t\t\t\t<\/div><div class=\"gwolle_gb_889955d728cc8f7ed0f91cf9fbd3be62\">\n\t\t\t\t<div class=\"label\"><label for=\"gwolle_gb_889955d728cc8f7ed0f91cf9fbd3be62\" class=\"text-info\">E-mail <span class=\"required\">*<\/span><\/label><\/div>\n\t\t\t\t<div class=\"input\"><input class=\"gwolle_gb_889955d728cc8f7ed0f91cf9fbd3be62\" value=\"\" type=\"email\" name=\"gwolle_gb_889955d728cc8f7ed0f91cf9fbd3be62\" required \/><\/div>\n\t\t\t\t<div class=\"clearBoth\">&nbsp;<\/div>\n\t\t\t<\/div><div class=\"gwolle_gb_d56ce617d94ca7d50cce4eadeadd8907\">\n\t\t\t\t<div class=\"label\"><label for=\"gwolle_gb_d56ce617d94ca7d50cce4eadeadd8907\" class=\"text-info\">Site web<\/label><\/div>\n\t\t\t\t<div class=\"input\"><input class=\"gwolle_gb_d56ce617d94ca7d50cce4eadeadd8907\" value=\"\" type=\"url\" name=\"gwolle_gb_d56ce617d94ca7d50cce4eadeadd8907\" \/><\/div>\n\t\t\t\t<div class=\"clearBoth\">&nbsp;<\/div>\n\t\t\t<\/div>\n\t\t\t<div class=\"gwolle_gb_8ad5e6423f844b98036acf584053f407\" style=\"display:none;overflow:hidden;\">\n\t\t\t\t<div class=\"label\">\n\t\t\t\t\t<label for=\"gwolle_gb_8ad5e6423f844b98036acf584053f407\" class=\"text-primary\">Ne touchez pas \u00e0 ceci<\/label>\n\t\t\t\t\t<label for=\"gwolle_gb_2a91afc227bd95650f8efd79921b84ed\" class=\"text-primary\">Ne touchez pas \u00e0 ceci<\/label>\n\t\t\t\t<\/div>\n\t\t\t\t<div class=\"input\">\n\t\t\t\t\t<input value=\"34\" type=\"text\" name=\"gwolle_gb_8ad5e6423f844b98036acf584053f407\" class=\"gwolle_gb_8ad5e6423f844b98036acf584053f407\" style=\"transform: translateY(10000px);\" \/>\n\t\t\t\t\t<input value=\"\" type=\"text\" name=\"gwolle_gb_2a91afc227bd95650f8efd79921b84ed\" class=\"gwolle_gb_2a91afc227bd95650f8efd79921b84ed\" style=\"transform: translateY(10000px);\" \/>\n\t\t\t\t<\/div>\n\t\t\t\t<div class=\"clearBoth\"><\/div>\n\t\t\t<\/div>\n\t\t\t<div class=\"gwolle_gb_409912137ced63a9a7b04dfd0838cc4d\" style=\"display:none;overflow:hidden;\">\n\t\t\t\t<div class=\"label\">\n\t\t\t\t\t<label for=\"gwolle_gb_409912137ced63a9a7b04dfd0838cc4d\" class=\"text-primary\">Ne touchez pas \u00e0 ceci<\/label>\n\t\t\t\t\t<label for=\"gwolle_gb_12fb24ad0054de2b521aaff55253bf06\" class=\"text-primary\">Ne touchez pas \u00e0 ceci<\/label>\n\t\t\t\t<\/div>\n\t\t\t\t<div class=\"input\">\n\t\t\t\t\t<input value=\"18803\" type=\"text\" name=\"gwolle_gb_409912137ced63a9a7b04dfd0838cc4d\" class=\"gwolle_gb_409912137ced63a9a7b04dfd0838cc4d\" style=\"transform: translateY(10000px);\" \/>\n\t\t\t\t\t<input value=\"18803\" type=\"text\" name=\"gwolle_gb_12fb24ad0054de2b521aaff55253bf06\" class=\"gwolle_gb_12fb24ad0054de2b521aaff55253bf06\" style=\"transform: translateY(10000px);\" \/>\n\t\t\t\t<\/div>\n\t\t\t\t<div class=\"clearBoth\"><\/div>\n\t\t\t<\/div><div class=\"gwolle_gb_content\">\n\t\t\t\t<div class=\"label\"><label for=\"gwolle_gb_content\" class=\"text-info\">Message du livre d\u2019or <span class=\"required\">*<\/span><\/label><\/div>\n\t\t\t\t<div class=\"input\"><textarea name=\"gwolle_gb_content\" class=\"gwolle_gb_content wp-exclude-emoji\" required ><\/textarea><\/div>\n\t\t\t\t\t<div class=\"clearBoth\">&nbsp;<\/div>\n\t\t\t\t<\/div><input type=\"hidden\" class=\"gwolle_gb_d0258e4a567fc015fbb2b5e54a6c7618\" name=\"gwolle_gb_d0258e4a567fc015fbb2b5e54a6c7618\" value=\"865c095c41\" \/>\n\t\t\t<div class=\"gwolle_gb_messages_bottom_container\"><\/div>\n\n\t\t\t<noscript><div class=\"no-js\">Avertissement\u00a0: Ce formulaire ne peut \u00eatre utilis\u00e9 que si JavaScript est activ\u00e9 dans votre navigateur.<\/div><\/noscript>\n\n\t\t\t<div class=\"gwolle_gb_submit\">\n\t\t\t\t<div class=\"label gwolle-gb-invisible text-muted\">&nbsp;<\/div>\n\t\t\t\t<div class=\"input\">\n\t\t\t\t\t<input type=\"submit\" name=\"gwolle_gb_submit\" class=\"gwolle_gb_submit button btn btn-primary \" value=\"Envoyer\" \/>\n\t\t\t\t\t<span class=\"gwolle_gb_submit_ajax_icon\"><\/span>\n\t\t\t\n\t\t\t\t<\/div>\n\t\t\t\t<div class=\"clearBoth\">&nbsp;<\/div>\n\t\t\t<\/div>\n\n\t\t\t<div class=\"gwolle_gb_notice\">\n\t\t\t\t\n\t\t\t<\/div><\/form><div class=\"gwolle-gb-read gwolle-gb-ajax gwolle-gb-entries-list\" data-book_id=\"1\" data-page_id=\"1\">\n\t\t<div id=\"gwolle-gb-total\" class=\"gwolle-gb-total\">1 message.<\/div><!-- Gwolle-GB Entry: Default Template Loaded -->\n\t\t\t\t<div class=\"gb-entry gb-entry_1 gb-entry-count_1 gwolle_gb_uneven gwolle-gb-uneven gwolle-gb-first\" data-entry_id=\"1\">\n\t\t\t\t<article>\n\t\t\t\t\t<div class=\"gb-author-info\">\n\t\t\t\t\t\t<span class=\"gb-author-avatar\"><img referrerpolicy=\"no-referrer\" alt='Margaux Vervoort' src='https:\/\/secure.gravatar.com\/avatar\/8c17b5e187a833aca59044d42633645d?s=32&#038;d=mm&#038;r=g' srcset='https:\/\/secure.gravatar.com\/avatar\/8c17b5e187a833aca59044d42633645d?s=64&#038;d=mm&#038;r=g 2x' class='avatar avatar-32 photo' height='32' width='32' loading='lazy' decoding='async'\/><\/span>\n\t\t\t\t\t\t<span class=\"gb-author-name\">Margaux Vervoort\n\t\t\t\t\t\t<\/span>\n\t\t\t\t\t\t<span class=\"gb-author-origin\">\n\t\t\t\t\t\t\t<span class=\"gb-author-origin-from-text\"> de<\/span>\n\t\t\t\t\t\t\t<span class=\"gb-author-origin-text\"> Uccle<\/span>\n\t\t\t\t\t\t<\/span>\n\t\t\t\t\t\t<span class=\"gb-datetime\">\n\t\t\t\t\t\t\t<span class=\"gb-date\"><span class=\"gb-date-wrote-text\"> a \u00e9crit le<\/span><span class=\"gb-date-text\"> 26 avril 2020<\/span>\n\t\t\t\t\t\t\t<\/span><span class=\"gb-time\">\n\t\t\t\t\t\t\t\t\t<span class=\"gb-time-at-text\"> \u00e0<\/span>\n\t\t\t\t\t\t\t\t\t<span class=\"gb-time-text\"> 20 h 25 min<\/span>\n\t\t\t\t\t\t\t\t<\/span>\n\t\t\t\t\t\t<\/span> \n\t\t\t\t\t<\/div>\n\t\t\t\t\t<div class=\"gb-entry-content\">Souhaitant agrandir ma petite famille d\u00e9j\u00e0 bien remplie, je me suis tourn\u00e9e vers un couple d&#039;amies qui vivaient avec une petite shetland pour leur demander plus de renseignement sur cette race qui faisait d\u00e9j\u00e0 terriblement battre mon petit c\u0153ur. Elles m&#039;ont recommand\u00e9 une \u00e9leveuse, elles avaient d\u00e9j\u00e0 vu de tr\u00e8s jolis chiens venant de chez Stephanie et je l&#039;ai donc contact\u00e9. \n\nNous avons \u00e9chang\u00e9 pendant un long moment au t\u00e9l\u00e9phone, elle \u00e9tait tr\u00e8s int\u00e9ress\u00e9e par mon cadre familial et j&#039;ai tout de suite senti une personne particuli\u00e8rement investie dans le choix de familles pour ses chiots. Elle ne cherchait pas uniquement \u00e0 placer un chien mais \u00e0 lui trouver un foyer dans lequel il serait heureux et \u00e9panoui. J&#039;ai pu lui poser de nombreuses questions et elle m&#039;a apport\u00e9 tout autant de r\u00e9ponses. \n\nJ&#039;ai \u00e9t\u00e9 pour ainsi dire aux premi\u00e8res loges de la naissance de mon futur amour \u00e9tant tenue au courant et en me faisant partager au maximum l&#039;exp\u00e9rience de cette naissance. J&#039;ai \u00e9t\u00e9 fascin\u00e9e et \u00e9merveill\u00e9e par tant d&#039;investissement, de douceur et de passion. \n\nRien n&#039;a chang\u00e9 au fil des semaines, j&#039;ai pu voir mon futur b\u00e9b\u00e9 grandir, s&#039;\u00e9panouir, jouer, d\u00e9couvrir le monde et j&#039;ai pu constater le c\u0153ur plein d&#039;amour \u00e0 quel point l&#039;investissement de Stephanie a pay\u00e9. Je n&#039;ai aucun doute sur la stabilit\u00e9 de ce chiot, je sais qu&#039;il vient d&#039;un \u00e9levage d\u00e9bordant d&#039;amour et qu&#039;il d\u00e9couvre le monde pleinement et que cela fera de lui un chien parfaitement bien dans ses petites pattounes. \n\nStephanie c&#039;est le genre de personne qui se donne \u00e0 200% pour ses chiens, c&#039;est plus qu&#039;une \u00e9leveuse, c&#039;est une humaine formidable qui fait passer le bien-\u00eatre de ses animaux avant le reste. Prendre un chien chez Stephanie ne sera probablement pas une occasion unique. \n\nAlors, je te remercie de tout ton investissement, de tes conseils, de ta lumi\u00e8re et de ton amiti\u00e9 parce que si je suis venue vers toi pour repartir avec un chiot c&#039;est avec une belle amiti\u00e9 en prime que je repars. \n\nMerci pour \u00e7a.\n\t\t\t\t\t<\/div>\n\t\t\t\t<\/article>\n\t\t\t<\/div>\n\t\t\t<\/div><\/div>\n","protected":false},"excerpt":{"rendered":"","protected":false},"author":1,"featured_media":0,"parent":0,"menu_order":0,"comment_status":"closed","ping_status":"closed","template":"","meta":[],"_links":{"self":[{"href":"https:\/\/berger-des-shetland.fr\/index.php\/wp-json\/wp\/v2\/pages\/183"}],"collection":[{"href":"https:\/\/berger-des-shetland.fr\/index.php\/wp-json\/wp\/v2\/pages"}],"about":[{"href":"https:\/\/berger-des-shetland.fr\/index.php\/wp-json\/wp\/v2\/types\/page"}],"author":[{"embeddable":true,"href":"https:\/\/berger-des-shetland.fr\/index.php\/wp-json\/wp\/v2\/users\/1"}],"replies":[{"embeddable":true,"href":"https:\/\/berger-des-shetland.fr\/index.php\/wp-json\/wp\/v2\/comments?post=183"}],"version-history":[{"count":1,"href":"https:\/\/berger-des-shetland.fr\/index.php\/wp-json\/wp\/v2\/pages\/183\/revisions"}],"predecessor-version":[{"id":184,"href":"https:\/\/berger-des-shetland.fr\/index.php\/wp-json\/wp\/v2\/pages\/183\/revisions\/184"}],"wp:attachment":[{"href":"https:\/\/berger-des-shetland.fr\/index.php\/wp-json\/wp\/v2\/media?parent=183"}],"curies":[{"name":"wp","href":"https:\/\/api.w.org\/{rel}","templated":true}]}}